{"id":1209,"date":"2025-05-28T06:38:45","date_gmt":"2025-05-28T06:38:45","guid":{"rendered":"https:\/\/foodstudio.ee\/toidustuudio\/?page_id=1209"},"modified":"2025-10-09T06:06:37","modified_gmt":"2025-10-09T06:06:37","slug":"keskkonnahoid","status":"publish","type":"page","link":"https:\/\/foodstudio.ee\/toidustuudio\/keskkonnahoid\/","title":{"rendered":"Keskkonnahoid"},"content":{"rendered":"\n<div id=\"our-eco-block-block_1f4352a6d7306823a18180185be85ccd\" class=\"our-eco-block container\">\n    <div class=\"row dp_layout\">\n        <div class=\"col-6 left\">\n                        <h1>KESKKONNAHOID FOODSTUDIO TELLISKIVIS<\/h1>\n<p>FoodStudio Telliskivi asub Tallinna k\u00f5ige loovamas ja kogukondlikumas paigas \u2013 Telliskivi Loomelinnakus. Valisime just selle piirkonna oma \u00a0asukohaks, sest Loomelinnakus edendatakse keskkonnas\u00e4\u00e4stlikke lahendusi, isetegemist ja kogukonnatunnet. Siia on lihtne p\u00e4\u00e4seda mugavalt nii jalgsi, jalgrattaga kui ka \u00fchistranspordiga \u2013 rongi, trammi ja bussiga.<\/p>\n        <\/div>\n        <div class=\"col-6 fade-in right bg\" style=\"background-image:url(https:\/\/foodstudio.ee\/toidustuudio\/wp-content\/uploads\/sites\/1\/2025\/05\/Rectangle-2.png);\"><\/div>\n    <\/div>\n    <div class=\"row mob_layout\">\n        <div class=\"col-12 d-flex flex-column content\">\n                        <h1>KESKKONNAHOID FOODSTUDIO TELLISKIVIS<\/h1>\n<p>FoodStudio Telliskivi asub Tallinna k\u00f5ige loovamas ja kogukondlikumas paigas \u2013 Telliskivi Loomelinnakus. Valisime just selle piirkonna oma \u00a0asukohaks, sest Loomelinnakus edendatakse keskkonnas\u00e4\u00e4stlikke lahendusi, isetegemist ja kogukonnatunnet. Siia on lihtne p\u00e4\u00e4seda mugavalt nii jalgsi, jalgrattaga kui ka \u00fchistranspordiga \u2013 rongi, trammi ja bussiga.<\/p>\n            <img decoding=\"async\" class=\"fade-in\" src=\"https:\/\/foodstudio.ee\/toidustuudio\/wp-content\/uploads\/sites\/1\/2025\/05\/Rectangle-2.png\" alt=\"\">        <\/div>\n    <\/div>\n<\/div>\n\n\n<div id=\"sustainability-block-block_3f1a50065e7de1ccdb973cf0a3aaf6b5\" class=\"sustainability-block container\">\n    <h1>MEIE KESTLIKKUSE<\/br> P\u00d5HIM\u00d5TTED<\/h1>\n    <h2>FOODSTUDIOS USUME, ET IGA VALIK LOEB<\/h2>\n            <div class=\"row fade-down\">\n                            <div class=\"value col d-flex flex-column align-items-center\">\n                    <img decoding=\"async\" class=\"value_icon\" src=\"https:\/\/foodstudio.ee\/toidustuudio\/wp-content\/uploads\/sites\/1\/2025\/05\/Group-7-1.png\" alt=\"\">\n                    <p>L\u00e4bipaistvus:<\/br>  r\u00e4\u00e4gime ausalt, kust tuleb meie toit, <\/br>energia ja vesi.<\/p>\n                <\/div>\n                            <div class=\"value col d-flex flex-column align-items-center\">\n                    <img decoding=\"async\" class=\"value_icon\" src=\"https:\/\/foodstudio.ee\/toidustuudio\/wp-content\/uploads\/sites\/1\/2025\/05\/Group-6-1.png\" alt=\"\">\n                    <p>Austame loodust ja inimesi: <\/br>toetame kohalikku tootmist, <\/br>v\u00e4hendame raiskamist ja v\u00e4\u00e4rtustame <\/br>t\u00f6\u00f6tajate heaolu.<\/p>\n                <\/div>\n                            <div class=\"value col d-flex flex-column align-items-center\">\n                    <img decoding=\"async\" class=\"value_icon\" src=\"https:\/\/foodstudio.ee\/toidustuudio\/wp-content\/uploads\/sites\/1\/2025\/05\/Group-8-1.png\" alt=\"\">\n                    <p>Tegutseme igap\u00e4evaselt parema <\/br>tuleviku nimel.<\/p>\n                <\/div>\n                    <\/div>\n    <\/div>\n\n\n<div id=\"smalltitle-block-block_618fa12f73eed92b7c5679ba4455d741\" class=\"smalltitle-block container\">\n    <h2>ROHELINE ENERGIA JA <\/br>LOODUSE TOETAMINE<\/h2>\n<\/div>\n\n\n<div id=\"simple-text-block-block_f383f8494d1a3784d79691cbbeeeaaae\" class=\"simple-text-block\">\n    <div class=\"container text\">\n                    <div class=\"row position-relative justify-content-center\">\n                <div class=\"col-12 content\">\n                    <p>Saame oma elektri Telliskivi Loomelinnakult, kes kasutab Alexela rohelist elektrit, mis tuleb taastuvatest allikatest. FoodStudio katusel elavad kolm mesilasperet \u2013 kasutame ainult oma maja mett. Suvel r\u00f5\u00f5mustab k\u00fclalisi r\u00f5dul ja sissep\u00e4\u00e4sul lillede ja maitsetaimede sein, mis pakub toidulauda ka mesilastele.<\/p>\n                <\/div>\n            <\/div>\n            <\/div>\n<\/div>\n\n\n<div id=\"fs-image-block_b64aa1f80e01b26435a4cd965188100b\" class=\"fs-image-block container\">\n    <div class=\"row dp_layout\">\n        <div class=\"col-12 fade-in right bg\" style=\"background-image:url(https:\/\/foodstudio.ee\/toidustuudio\/wp-content\/uploads\/sites\/1\/2025\/05\/Rectangle-4.png);\"><\/div>\n    <\/div>\n    <div class=\"row mob_layout\">\n        <div class=\"col-12 d-flex flex-column content\">\n            <img decoding=\"async\" class=\"fade-in\" src=\"https:\/\/foodstudio.ee\/toidustuudio\/wp-content\/uploads\/sites\/1\/2025\/05\/Rectangle-8.png\" alt=\"\">        <\/div>\n    <\/div>\n<\/div>\n\n\n<div id=\"our-material-block-block_b0c260d2201dfe610973e64c7519f8fa\" class=\"our-material-block container\">\n    <div class=\"row\">\n        <div class=\"col-lg-4 col-12 left align-self-center\">\n                            <img decoding=\"async\" src=\"https:\/\/foodstudio.ee\/toidustuudio\/wp-content\/uploads\/sites\/1\/2025\/05\/Ellipse-2.png\" alt=\"\">\n                    <\/div>\n        <div class=\"col-lg-4 col-12 middle d-flex flex-column justify-content-center align-self-start align-items-center fade-in\">\n            <h1>TEADLIK TOORAINE KASUTUS<\/h1>            <p style=\"text-align: center;\">Oma men\u00fc\u00fcdes kasutame enda valmistatud puljongeid, mille kaudu saame maksimaalselt \u00e4ra kasutada nii loomseid kui taimseid j\u00e4\u00e4ke.<\/p>\n<p style=\"text-align: center;\">Valmistame ise kohapeal limoncello\u2019t ja sidruni \u00fclej\u00e4\u00e4kidest v\u00e4rskendavat limonaadi.<\/p>\n<p style=\"text-align: center;\">Kohandame toitu vastavalt k\u00fclaliste soovidele \u2013 vegans\u00f5bralik, allergiavaba, gluteenivaba jm.<\/p>\n        <\/div>\n        <div class=\"col-lg-4 col-12 right align-self-center\">\n                            <img decoding=\"async\" src=\"https:\/\/foodstudio.ee\/toidustuudio\/wp-content\/uploads\/sites\/1\/2025\/05\/Ellipse-1-1.png\" alt=\"\">\n                    <\/div>\n    <\/div>\n<\/div>\n\n\n<div id=\"fs-3-alt-column-block-block_95a09da7fe555005b3a02cbabacc00c9\" class=\"fs-3-alt-column-block\">\n    <div class=\"container text\">\n        <div class=\"row\">\n            <div class=\"col-lg-4 col-12 first\">\n                <h2 style=\"text-align: center;\">KOHALIK KULTUUR JA<br \/>\nKOGUKOND<\/h2>\n<p style=\"text-align: center;\">Toetame kohalikku kultuuri ja sporti: oleme koost\u00f6\u00f6d teinud Ingeri, P\u00d6FF-i ja Kalevi Jalgpalliklubiga. Kui saame oma panuse anda, siis me ka anname.<\/p>\n            <\/div>\n            <div class=\"col-lg-4 col-12 sec\">\n                <h2 style=\"text-align: center;\">V\u00c4HEM PR\u00dcGI \u2013 PUHTAM<br \/>\nTULEVIK<\/h2>\n<p style=\"text-align: center;\">Laual on alati kvaliteetne kraanivesi. Filtrid tagavad joogivee hea maitse ning t\u00e4nu sellele tekib v\u00e4hem pudeli- ja plastj\u00e4\u00e4tmeid. Puhas, lihtne ja loodust s\u00e4\u00e4stev valik. FoodStudio Telliskivi sorteerib oma j\u00e4\u00e4tmeid vastavalt kehtivatele n\u00f5uetele, j\u00e4rgides Telliskivi Loomelinnaku j\u00e4\u00e4tmek\u00e4itluss\u00fcsteemi ja toetades ringmajanduse p\u00f5him\u00f5tteid.<\/p>\n            <\/div>\n            <div class=\"col-lg-4 col-12 third\">\n                <h2 style=\"text-align: center;\">ROHELINE JA LIGIP\u00c4\u00c4SETAV<br \/>\nKESKKOND<\/h2>\n<p style=\"text-align: center;\">Meie \u00fcmber on mitmeid rohealasi, kuhu saab loodust nautima minna:<br \/>\nStroomi rand ja metsapark<br \/>\nToompark<br \/>\nKalamaja park<br \/>\nPelguranna mets<br \/>\n<a href=\"https:\/\/rmk.ee\/looduses-liikumine\/kuhu-minna\/\" target=\"_blank\" rel=\"noopener\">RMK l\u00e4hedased matkarajad<\/a><br \/>\n<a href=\"https:\/\/www.visittallinn.ee\/est\/k%C3%BClastaja\/mida-teha\/k%C3%BClasta\/rannad-rohealad\" target=\"_blank\" rel=\"noopener\">Tallinna rohealad<\/a><\/p>\n            <\/div>\n        <\/div>\n    <\/div>\n<\/div>\n\n\n<div id=\"green-key-block-block_63715737f612c36eb38506c9c0a51931\" class=\"green-key-block\">\n    <div class=\"container\">\n        <div class=\"row align-items-center\">\n            <div class=\"col-12\">\n                <div class=\"block-text\">\n                    <h2 style=\"text-align: center;\">GREEN KEY<br \/>\nKVALITEEDIM\u00c4RGIS<\/h2>\n<p style=\"text-align: center;\">FoodStudio Telliskivile on omistatud Green Key kvaliteedim\u00e4rgis \u2013 tunnustus, mis antakse vaid keskkonnas\u00e4\u00e4stlikult tegutsevatele ettev\u00f5tetele. See t\u00e4hendab, et p\u00f6\u00f6rame igap\u00e4evaselt t\u00e4helepanu energia- ja veekasutuse v\u00e4hendamisele, j\u00e4\u00e4tmete sorteerimisele, kohalike ja j\u00e4tkusuutlike toodete eelistamisele ning t\u00f6\u00f6tajate ja k\u00fclaliste keskkonnateadlikkuse t\u00f5stmisele. Green Key on meie lubadus pakkuda tipptasemel kogemusi, kandes samal ajal hoolt planeedi eest.<\/p>\n                <\/div>\n                                    <a class=\"image d-block\" href=\"https:\/\/www.greenkey.global\/\" target=\"_blank\">\n                        <img decoding=\"async\" loading=\"lazy\" class=\"no-lazy\" src=\"https:\/\/foodstudio.ee\/toidustuudio\/wp-content\/uploads\/sites\/1\/2025\/10\/Group-66.svg\" width=\"58\" height=\"73\" alt=\"\" \/>\n                    <\/a>\n                            <\/div>\n        <\/div>\n    <\/div>\n<\/div>\n\n\n<div id=\"sustainability-quote-block-block_c0ba3c5373a226916aca658de8d8aa44\" class=\"sustainability-quote-block\">\n    <div class=\"row align-items-center\">\n        <div class=\"col-lg-6 col-12 quote d-flex justify-content-center\">\n            <h2>LOE <a href=\"https:\/\/keskkonnaamet.ee\/keskkonnateadlikkus-avalikustamised\/keskkonnateadlikkus\/oppematerjalid\" rel=\"noopener\" target=\"_blank\">SIIT<\/a>, KUIDAS SINA SAAD AIDATA OMA IGAP\u00c4EVAVALIKUTEGA PAREMAT TULEVIKKU KUJUNDADA!<\/h2>\n        <\/div>\n        <div class=\"col-lg-6 col-12 right\">\n                            <img decoding=\"async\" src=\"https:\/\/foodstudio.ee\/toidustuudio\/wp-content\/uploads\/sites\/1\/2025\/05\/right_spice_img-1.png\" alt=\"\">\n                    <\/div>\n    <\/div>\n<\/div>","protected":false},"excerpt":{"rendered":"","protected":false},"author":1,"featured_media":0,"parent":0,"menu_order":0,"comment_status":"closed","ping_status":"closed","template":"","meta":{"advgb_blocks_editor_width":"","advgb_blocks_columns_visual_guide":"","_uag_custom_page_level_css":""},"acf":[],"yoast_head":"<!-- This site is optimized with the Yoast SEO plugin v19.14 - https:\/\/yoast.com\/wordpress\/plugins\/seo\/ -->\n<title>Keskkonnahoid - Food Studio Toidustuudio<\/title>\n<meta name=\"robots\" content=\"index, follow, max-snippet:-1, max-image-preview:large, max-video-preview:-1\" \/>\n<link rel=\"canonical\" href=\"https:\/\/foodstudio.ee\/toidustuudio\/keskkonnahoid\/\" \/>\n<meta property=\"og:locale\" content=\"et_EE\" \/>\n<meta property=\"og:type\" content=\"article\" \/>\n<meta property=\"og:title\" content=\"Keskkonnahoid - Food Studio Toidustuudio\" \/>\n<meta property=\"og:url\" content=\"https:\/\/foodstudio.ee\/toidustuudio\/keskkonnahoid\/\" \/>\n<meta property=\"og:site_name\" content=\"Food Studio Toidustuudio\" \/>\n<meta property=\"article:modified_time\" content=\"2025-10-09T06:06:37+00:00\" \/>\n<meta name=\"twitter:card\" content=\"summary_large_image\" \/>\n<script type=\"application\/ld+json\" class=\"yoast-schema-graph\">{\"@context\":\"https:\/\/schema.org\",\"@graph\":[{\"@type\":\"WebPage\",\"@id\":\"https:\/\/foodstudio.ee\/toidustuudio\/keskkonnahoid\/\",\"url\":\"https:\/\/foodstudio.ee\/toidustuudio\/keskkonnahoid\/\",\"name\":\"Keskkonnahoid - Food Studio Toidustuudio\",\"isPartOf\":{\"@id\":\"https:\/\/foodstudio.ee\/toidustuudio\/#website\"},\"datePublished\":\"2025-05-28T06:38:45+00:00\",\"dateModified\":\"2025-10-09T06:06:37+00:00\",\"breadcrumb\":{\"@id\":\"https:\/\/foodstudio.ee\/toidustuudio\/keskkonnahoid\/#breadcrumb\"},\"inLanguage\":\"et\",\"potentialAction\":[{\"@type\":\"ReadAction\",\"target\":[\"https:\/\/foodstudio.ee\/toidustuudio\/keskkonnahoid\/\"]}]},{\"@type\":\"BreadcrumbList\",\"@id\":\"https:\/\/foodstudio.ee\/toidustuudio\/keskkonnahoid\/#breadcrumb\",\"itemListElement\":[{\"@type\":\"ListItem\",\"position\":1,\"name\":\"Home\",\"item\":\"https:\/\/foodstudio.ee\/toidustuudio\/\"},{\"@type\":\"ListItem\",\"position\":2,\"name\":\"Keskkonnahoid\"}]},{\"@type\":\"WebSite\",\"@id\":\"https:\/\/foodstudio.ee\/toidustuudio\/#website\",\"url\":\"https:\/\/foodstudio.ee\/toidustuudio\/\",\"name\":\"Food Studio Toidustuudio\",\"description\":\"Tere tulemast maitsete maailma.\",\"publisher\":{\"@id\":\"https:\/\/foodstudio.ee\/toidustuudio\/#organization\"},\"potentialAction\":[{\"@type\":\"SearchAction\",\"target\":{\"@type\":\"EntryPoint\",\"urlTemplate\":\"https:\/\/foodstudio.ee\/toidustuudio\/?s={search_term_string}\"},\"query-input\":\"required name=search_term_string\"}],\"inLanguage\":\"et\"},{\"@type\":\"Organization\",\"@id\":\"https:\/\/foodstudio.ee\/toidustuudio\/#organization\",\"name\":\"Foodstudio\",\"url\":\"https:\/\/foodstudio.ee\/toidustuudio\/\",\"logo\":{\"@type\":\"ImageObject\",\"inLanguage\":\"et\",\"@id\":\"https:\/\/foodstudio.ee\/toidustuudio\/#\/schema\/logo\/image\/\",\"url\":\"https:\/\/foodstudio.ee\/toidustuudio\/wp-content\/uploads\/sites\/1\/2020\/09\/FS_logo.svg\",\"contentUrl\":\"https:\/\/foodstudio.ee\/toidustuudio\/wp-content\/uploads\/sites\/1\/2020\/09\/FS_logo.svg\",\"width\":240,\"height\":64,\"caption\":\"Foodstudio\"},\"image\":{\"@id\":\"https:\/\/foodstudio.ee\/toidustuudio\/#\/schema\/logo\/image\/\"}}]}<\/script>\n<!-- \/ Yoast SEO plugin. -->","yoast_head_json":{"title":"Keskkonnahoid - Food Studio Toidustuudio","robots":{"index":"index","follow":"follow","max-snippet":"max-snippet:-1","max-image-preview":"max-image-preview:large","max-video-preview":"max-video-preview:-1"},"canonical":"https:\/\/foodstudio.ee\/toidustuudio\/keskkonnahoid\/","og_locale":"et_EE","og_type":"article","og_title":"Keskkonnahoid - Food Studio Toidustuudio","og_url":"https:\/\/foodstudio.ee\/toidustuudio\/keskkonnahoid\/","og_site_name":"Food Studio Toidustuudio","article_modified_time":"2025-10-09T06:06:37+00:00","twitter_card":"summary_large_image","schema":{"@context":"https:\/\/schema.org","@graph":[{"@type":"WebPage","@id":"https:\/\/foodstudio.ee\/toidustuudio\/keskkonnahoid\/","url":"https:\/\/foodstudio.ee\/toidustuudio\/keskkonnahoid\/","name":"Keskkonnahoid - Food Studio Toidustuudio","isPartOf":{"@id":"https:\/\/foodstudio.ee\/toidustuudio\/#website"},"datePublished":"2025-05-28T06:38:45+00:00","dateModified":"2025-10-09T06:06:37+00:00","breadcrumb":{"@id":"https:\/\/foodstudio.ee\/toidustuudio\/keskkonnahoid\/#breadcrumb"},"inLanguage":"et","potentialAction":[{"@type":"ReadAction","target":["https:\/\/foodstudio.ee\/toidustuudio\/keskkonnahoid\/"]}]},{"@type":"BreadcrumbList","@id":"https:\/\/foodstudio.ee\/toidustuudio\/keskkonnahoid\/#breadcrumb","itemListElement":[{"@type":"ListItem","position":1,"name":"Home","item":"https:\/\/foodstudio.ee\/toidustuudio\/"},{"@type":"ListItem","position":2,"name":"Keskkonnahoid"}]},{"@type":"WebSite","@id":"https:\/\/foodstudio.ee\/toidustuudio\/#website","url":"https:\/\/foodstudio.ee\/toidustuudio\/","name":"Food Studio Toidustuudio","description":"Tere tulemast maitsete maailma.","publisher":{"@id":"https:\/\/foodstudio.ee\/toidustuudio\/#organization"},"potentialAction":[{"@type":"SearchAction","target":{"@type":"EntryPoint","urlTemplate":"https:\/\/foodstudio.ee\/toidustuudio\/?s={search_term_string}"},"query-input":"required name=search_term_string"}],"inLanguage":"et"},{"@type":"Organization","@id":"https:\/\/foodstudio.ee\/toidustuudio\/#organization","name":"Foodstudio","url":"https:\/\/foodstudio.ee\/toidustuudio\/","logo":{"@type":"ImageObject","inLanguage":"et","@id":"https:\/\/foodstudio.ee\/toidustuudio\/#\/schema\/logo\/image\/","url":"https:\/\/foodstudio.ee\/toidustuudio\/wp-content\/uploads\/sites\/1\/2020\/09\/FS_logo.svg","contentUrl":"https:\/\/foodstudio.ee\/toidustuudio\/wp-content\/uploads\/sites\/1\/2020\/09\/FS_logo.svg","width":240,"height":64,"caption":"Foodstudio"},"image":{"@id":"https:\/\/foodstudio.ee\/toidustuudio\/#\/schema\/logo\/image\/"}}]}},"coauthors":[],"author_meta":{"author_link":"https:\/\/foodstudio.ee\/toidustuudio\/blog\/author\/reaktiiv-fo\/","display_name":"reaktiiv-fo"},"relative_dates":{"created":"Posted 11 kuud ago","modified":"Updated 6 kuud ago"},"absolute_dates":{"created":"Posted on 28. mai 2025","modified":"Updated on 9. okt. 2025"},"absolute_dates_time":{"created":"Posted on 28. mai 2025 06:38","modified":"Updated on 9. okt. 2025 06:06"},"featured_img_caption":"","featured_img":false,"series_order":"","uagb_featured_image_src":{"full":false,"thumbnail":false,"medium":false,"medium_large":false,"large":false,"1536x1536":false,"2048x2048":false,"small":false,"custom-size":false},"uagb_author_info":{"display_name":"reaktiiv-fo","author_link":"https:\/\/foodstudio.ee\/toidustuudio\/blog\/author\/reaktiiv-fo\/"},"uagb_comment_info":0,"uagb_excerpt":null,"_links":{"self":[{"href":"https:\/\/foodstudio.ee\/toidustuudio\/wp-json\/wp\/v2\/pages\/1209"}],"collection":[{"href":"https:\/\/foodstudio.ee\/toidustuudio\/wp-json\/wp\/v2\/pages"}],"about":[{"href":"https:\/\/foodstudio.ee\/toidustuudio\/wp-json\/wp\/v2\/types\/page"}],"author":[{"embeddable":true,"href":"https:\/\/foodstudio.ee\/toidustuudio\/wp-json\/wp\/v2\/users\/1"}],"replies":[{"embeddable":true,"href":"https:\/\/foodstudio.ee\/toidustuudio\/wp-json\/wp\/v2\/comments?post=1209"}],"version-history":[{"count":101,"href":"https:\/\/foodstudio.ee\/toidustuudio\/wp-json\/wp\/v2\/pages\/1209\/revisions"}],"predecessor-version":[{"id":1509,"href":"https:\/\/foodstudio.ee\/toidustuudio\/wp-json\/wp\/v2\/pages\/1209\/revisions\/1509"}],"wp:attachment":[{"href":"https:\/\/foodstudio.ee\/toidustuudio\/wp-json\/wp\/v2\/media?parent=1209"}],"curies":[{"name":"wp","href":"https:\/\/api.w.org\/{rel}","templated":true}]}}