{"id":2,"date":"2020-09-09T08:10:06","date_gmt":"2020-09-09T08:10:06","guid":{"rendered":"https:\/\/foodstudio.ee\/?page_id=2"},"modified":"2023-03-02T11:22:49","modified_gmt":"2023-03-02T11:22:49","slug":"demoleht","status":"publish","type":"page","link":"https:\/\/foodstudio.ee\/toidustuudio\/","title":{"rendered":"Avaleht"},"content":{"rendered":"\n<div id=\"fsimagetext-block-block_17357e16e019e211a0b24ef8189dc98c\" class=\"fsimagetext-block container\">\n    <div class=\"row\">\n        <div class=\"col-lg-6 col-12 d-flex align-items-center\">\n            <div class=\"text_container\">\n                <h1>TOIDULE ANNAB \u00d5IGE MAITSE HEA TUJUGA SELTSKOND<\/h1>\n            <\/div>\n        <\/div>\n        <div class=\"col-lg-6 col-12 img_container\">\n                        <div class=\"\">\n                <div class=\"bg\" style=\"background-image:url(https:\/\/foodstudio.ee\/toidustuudio\/wp-content\/uploads\/sites\/1\/2023\/03\/Screenshot-2020-09-29-at-14.06.29.jpg);\"><\/div>\n            <\/div>\n        <\/div>\n    <\/div>\n<\/div>\n\n\n<div id=\"fstext-block-block_9163b7eb20464b4af3f89c86f9a2ce01\" class=\"fstext-block spices_img\">\n            <div class=\"fs-animation\">\n            <div id=\"scene\" class=\"parallax\">\n                <img decoding=\"async\" class=\"top_left\" data-depth=\"1.2\" src=\"https:\/\/foodstudio.ee\/toidustuudio\/wp-content\/themes\/Toidustuudio\/img\/spice_1.png\" alt=\"Spice 1\">\n            <\/div>\n        <\/div>\n        <div class=\"fs-animation\">\n            <div id=\"scene-1\" class=\"parallax\">\n                <img decoding=\"async\" class=\"top_right\" data-depth=\"1.2\" src=\"https:\/\/foodstudio.ee\/toidustuudio\/wp-content\/themes\/Toidustuudio\/img\/spice_3.png\" alt=\"Spice 2\">\n            <\/div>\n        <\/div>\n        <img decoding=\"async\" class=\"mob top_right\" src=\"https:\/\/foodstudio.ee\/toidustuudio\/wp-content\/themes\/Toidustuudio\/img\/spice_3.png\" alt=\"Spice 2\">\n        <div class=\"container text\">\n                    <div class=\"row\">\n                <div class=\"col-lg-6 col-12 left\">\n                    <p>Korraldame erinevaid meeleolukaid ning meeldej\u00e4\u00e4vaid \u00fcritusi ja koolitusi, erinevatele inimestele. Anname toitlustusest ja toidust huvitatud inimestele v\u00f5imaluse ise katsetada ja omandada oskusi, pakume v\u00e4ljakutseid ja lisateadmisi oma ala professionaalidele.<\/p>\n<p>Meie asukoht on ainulaadne \u2013 asume Telliskivi Loomelinnaku tuiksoonel. Samas on meil privaatne ja \u00f5dus olemine. \u00a0Pakume toidukoolitusi meie hubastes ruumides, mis on avatud aastaringselt. Vahest teeme erandeid ning tuleme k\u00fclla v\u00f5i leiame ise sobiva pinnase. Meie meeskond koosneb oma ala tunnustatud professionaalidest, jagame parima meelega oma teadmist ja oskust ning kutsume teid korraldama \u00fcheskoos erimaitselisi \u00fcritusi.<\/p>\n                <\/div>\n                                <div class=\"mob col-12 fade-in\">\n                    <div class=\"bg\" style=\"background-image:url(https:\/\/foodstudio.ee\/toidustuudio\/wp-content\/uploads\/sites\/1\/2020\/10\/Bitmap-Copy-9.jpg);\"><\/div>\n                <\/div>\n                                <div class=\"col-lg-6 col-12 right\">\n                    <p>Olgu selleks siis m\u00f5nusalt tummine \u00f5htus\u00f6\u00f6k \u00e4riklientidega, v\u00fcrtsikas koosolek, magusalt meeldej\u00e4\u00e4v s\u00fcnnip\u00e4eva t\u00e4histus v\u00f5i meeldivalt mahe t\u00e4htp\u00e4eva m\u00e4rgistus. Avame Teie jaoks erinevate maade k\u00f6\u00f6ke, tutvustame toidutegemistrende ja \u2013traditsioone. Lisaks saab meie stuudioruume rentida ning otsustada ise, mida ja kuidas teha.<\/p>\n<p>Oleme paindlikud ja s\u00f5bralikud &#8211; juhul kui Teid huvitav koolitus pole leitav meie kodulehelt v\u00f5i soovite korraldada oma \u00fcritust, siis k\u00fcsige julgelt. Oleme alati avatud uutele ideedele ja soovidele.<\/p>\n<p><strong>Meil olete alati oodatud k\u00fclaline!<\/strong><\/p>\n                <\/div>\n            <\/div>\n            <\/div>\n            <div class=\"fs-animation\">\n            <div id=\"scene-2\" class=\"parallax\">\n                <img decoding=\"async\" class=\"btm_right\" data-depth=\"1.2\" src=\"https:\/\/foodstudio.ee\/toidustuudio\/wp-content\/themes\/Toidustuudio\/img\/spice_2.jpg\" alt=\"Spice 3\">\n            <\/div>\n        <\/div>\n    <\/div>\n\n\n<div id=\"gridimages-block-block_0dce765bc820e3e6cb17c0dbf72fbbf5\" class=\"gridimages-block\">\n    <div class=\"container layout frontpage\">\n                                    <div class=\"row\">\n                                            <div class=\"col\">\n                            <div class=\"grid-img fade-in\">\n                                <div class=\"bg\" style=\"background-image:url(https:\/\/foodstudio.ee\/toidustuudio\/wp-content\/uploads\/sites\/1\/2023\/01\/foodstudio_telliskivi_web_pic_galerii_ava_001.jpg);\"><\/div>\n                            <\/div>\n                        <\/div>\n                                            <div class=\"col\">\n                            <div class=\"grid-img fade-in\">\n                                <div class=\"bg\" style=\"background-image:url(https:\/\/foodstudio.ee\/toidustuudio\/wp-content\/uploads\/sites\/1\/2020\/09\/Bitmap.jpg);\"><\/div>\n                            <\/div>\n                        <\/div>\n                                            <div class=\"col\">\n                            <div class=\"grid-img fade-in\">\n                                <div class=\"bg\" style=\"background-image:url(https:\/\/foodstudio.ee\/toidustuudio\/wp-content\/uploads\/sites\/1\/2020\/10\/176A7815.jpg);\"><\/div>\n                            <\/div>\n                        <\/div>\n                                            <div class=\"col\">\n                            <div class=\"grid-img fade-in\">\n                                <div class=\"bg\" style=\"background-image:url(https:\/\/foodstudio.ee\/toidustuudio\/wp-content\/uploads\/sites\/1\/2020\/09\/Bitmap_3.jpg);\"><\/div>\n                            <\/div>\n                        <\/div>\n                                    <\/div>\n                                <\/div>\n<\/div>","protected":false},"excerpt":{"rendered":"","protected":false},"author":1,"featured_media":0,"parent":0,"menu_order":0,"comment_status":"closed","ping_status":"open","template":"","meta":{"advgb_blocks_editor_width":"","advgb_blocks_columns_visual_guide":"","_uag_custom_page_level_css":""},"acf":[],"yoast_head":"<!-- This site is optimized with the Yoast SEO plugin v19.14 - https:\/\/yoast.com\/wordpress\/plugins\/seo\/ -->\n<title>Avaleht - Food Studio Toidustuudio<\/title>\n<meta name=\"robots\" content=\"index, follow, max-snippet:-1, max-image-preview:large, max-video-preview:-1\" \/>\n<link rel=\"canonical\" href=\"https:\/\/foodstudio.ee\/toidustuudio\/\" \/>\n<meta property=\"og:locale\" content=\"et_EE\" \/>\n<meta property=\"og:type\" content=\"article\" \/>\n<meta property=\"og:title\" content=\"Avaleht - Food Studio Toidustuudio\" \/>\n<meta property=\"og:url\" content=\"https:\/\/foodstudio.ee\/toidustuudio\/\" \/>\n<meta property=\"og:site_name\" content=\"Food Studio Toidustuudio\" \/>\n<meta property=\"article:modified_time\" content=\"2023-03-02T11:22:49+00:00\" \/>\n<meta name=\"twitter:card\" content=\"summary_large_image\" \/>\n<script type=\"application\/ld+json\" class=\"yoast-schema-graph\">{\"@context\":\"https:\/\/schema.org\",\"@graph\":[{\"@type\":\"WebPage\",\"@id\":\"https:\/\/foodstudio.ee\/toidustuudio\/\",\"url\":\"https:\/\/foodstudio.ee\/toidustuudio\/\",\"name\":\"Avaleht - Food Studio Toidustuudio\",\"isPartOf\":{\"@id\":\"https:\/\/foodstudio.ee\/toidustuudio\/#website\"},\"datePublished\":\"2020-09-09T08:10:06+00:00\",\"dateModified\":\"2023-03-02T11:22:49+00:00\",\"breadcrumb\":{\"@id\":\"https:\/\/foodstudio.ee\/toidustuudio\/#breadcrumb\"},\"inLanguage\":\"et\",\"potentialAction\":[{\"@type\":\"ReadAction\",\"target\":[\"https:\/\/foodstudio.ee\/toidustuudio\/\"]}]},{\"@type\":\"BreadcrumbList\",\"@id\":\"https:\/\/foodstudio.ee\/toidustuudio\/#breadcrumb\",\"itemListElement\":[{\"@type\":\"ListItem\",\"position\":1,\"name\":\"Home\",\"item\":\"https:\/\/foodstudio.ee\/toidustuudio\/\"},{\"@type\":\"ListItem\",\"position\":2,\"name\":\"Avaleht\"}]},{\"@type\":\"WebSite\",\"@id\":\"https:\/\/foodstudio.ee\/toidustuudio\/#website\",\"url\":\"https:\/\/foodstudio.ee\/toidustuudio\/\",\"name\":\"Food Studio Toidustuudio\",\"description\":\"Tere tulemast maitsete maailma.\",\"publisher\":{\"@id\":\"https:\/\/foodstudio.ee\/toidustuudio\/#organization\"},\"potentialAction\":[{\"@type\":\"SearchAction\",\"target\":{\"@type\":\"EntryPoint\",\"urlTemplate\":\"https:\/\/foodstudio.ee\/toidustuudio\/?s={search_term_string}\"},\"query-input\":\"required name=search_term_string\"}],\"inLanguage\":\"et\"},{\"@type\":\"Organization\",\"@id\":\"https:\/\/foodstudio.ee\/toidustuudio\/#organization\",\"name\":\"Foodstudio\",\"url\":\"https:\/\/foodstudio.ee\/toidustuudio\/\",\"logo\":{\"@type\":\"ImageObject\",\"inLanguage\":\"et\",\"@id\":\"https:\/\/foodstudio.ee\/toidustuudio\/#\/schema\/logo\/image\/\",\"url\":\"https:\/\/foodstudio.ee\/toidustuudio\/wp-content\/uploads\/sites\/1\/2020\/09\/FS_logo.svg\",\"contentUrl\":\"https:\/\/foodstudio.ee\/toidustuudio\/wp-content\/uploads\/sites\/1\/2020\/09\/FS_logo.svg\",\"width\":240,\"height\":64,\"caption\":\"Foodstudio\"},\"image\":{\"@id\":\"https:\/\/foodstudio.ee\/toidustuudio\/#\/schema\/logo\/image\/\"}}]}<\/script>\n<!-- \/ Yoast SEO plugin. -->","yoast_head_json":{"title":"Avaleht - Food Studio Toidustuudio","robots":{"index":"index","follow":"follow","max-snippet":"max-snippet:-1","max-image-preview":"max-image-preview:large","max-video-preview":"max-video-preview:-1"},"canonical":"https:\/\/foodstudio.ee\/toidustuudio\/","og_locale":"et_EE","og_type":"article","og_title":"Avaleht - Food Studio Toidustuudio","og_url":"https:\/\/foodstudio.ee\/toidustuudio\/","og_site_name":"Food Studio Toidustuudio","article_modified_time":"2023-03-02T11:22:49+00:00","twitter_card":"summary_large_image","schema":{"@context":"https:\/\/schema.org","@graph":[{"@type":"WebPage","@id":"https:\/\/foodstudio.ee\/toidustuudio\/","url":"https:\/\/foodstudio.ee\/toidustuudio\/","name":"Avaleht - Food Studio Toidustuudio","isPartOf":{"@id":"https:\/\/foodstudio.ee\/toidustuudio\/#website"},"datePublished":"2020-09-09T08:10:06+00:00","dateModified":"2023-03-02T11:22:49+00:00","breadcrumb":{"@id":"https:\/\/foodstudio.ee\/toidustuudio\/#breadcrumb"},"inLanguage":"et","potentialAction":[{"@type":"ReadAction","target":["https:\/\/foodstudio.ee\/toidustuudio\/"]}]},{"@type":"BreadcrumbList","@id":"https:\/\/foodstudio.ee\/toidustuudio\/#breadcrumb","itemListElement":[{"@type":"ListItem","position":1,"name":"Home","item":"https:\/\/foodstudio.ee\/toidustuudio\/"},{"@type":"ListItem","position":2,"name":"Avaleht"}]},{"@type":"WebSite","@id":"https:\/\/foodstudio.ee\/toidustuudio\/#website","url":"https:\/\/foodstudio.ee\/toidustuudio\/","name":"Food Studio Toidustuudio","description":"Tere tulemast maitsete maailma.","publisher":{"@id":"https:\/\/foodstudio.ee\/toidustuudio\/#organization"},"potentialAction":[{"@type":"SearchAction","target":{"@type":"EntryPoint","urlTemplate":"https:\/\/foodstudio.ee\/toidustuudio\/?s={search_term_string}"},"query-input":"required name=search_term_string"}],"inLanguage":"et"},{"@type":"Organization","@id":"https:\/\/foodstudio.ee\/toidustuudio\/#organization","name":"Foodstudio","url":"https:\/\/foodstudio.ee\/toidustuudio\/","logo":{"@type":"ImageObject","inLanguage":"et","@id":"https:\/\/foodstudio.ee\/toidustuudio\/#\/schema\/logo\/image\/","url":"https:\/\/foodstudio.ee\/toidustuudio\/wp-content\/uploads\/sites\/1\/2020\/09\/FS_logo.svg","contentUrl":"https:\/\/foodstudio.ee\/toidustuudio\/wp-content\/uploads\/sites\/1\/2020\/09\/FS_logo.svg","width":240,"height":64,"caption":"Foodstudio"},"image":{"@id":"https:\/\/foodstudio.ee\/toidustuudio\/#\/schema\/logo\/image\/"}}]}},"coauthors":[],"author_meta":{"author_link":"https:\/\/foodstudio.ee\/toidustuudio\/blog\/author\/reaktiiv-fo\/","display_name":"reaktiiv-fo"},"relative_dates":{"created":"Posted 6 aastat ago","modified":"Updated 3 aastat ago"},"absolute_dates":{"created":"Posted on 9. sept. 2020","modified":"Updated on 2. m\u00e4rts 2023"},"absolute_dates_time":{"created":"Posted on 9. sept. 2020 08:10","modified":"Updated on 2. m\u00e4rts 2023 11:22"},"featured_img_caption":"","featured_img":false,"series_order":"","uagb_featured_image_src":{"full":false,"thumbnail":false,"medium":false,"medium_large":false,"large":false,"1536x1536":false,"2048x2048":false,"small":false,"custom-size":false},"uagb_author_info":{"display_name":"reaktiiv-fo","author_link":"https:\/\/foodstudio.ee\/toidustuudio\/blog\/author\/reaktiiv-fo\/"},"uagb_comment_info":2,"uagb_excerpt":null,"_links":{"self":[{"href":"https:\/\/foodstudio.ee\/toidustuudio\/wp-json\/wp\/v2\/pages\/2"}],"collection":[{"href":"https:\/\/foodstudio.ee\/toidustuudio\/wp-json\/wp\/v2\/pages"}],"about":[{"href":"https:\/\/foodstudio.ee\/toidustuudio\/wp-json\/wp\/v2\/types\/page"}],"author":[{"embeddable":true,"href":"https:\/\/foodstudio.ee\/toidustuudio\/wp-json\/wp\/v2\/users\/1"}],"replies":[{"embeddable":true,"href":"https:\/\/foodstudio.ee\/toidustuudio\/wp-json\/wp\/v2\/comments?post=2"}],"version-history":[{"count":62,"href":"https:\/\/foodstudio.ee\/toidustuudio\/wp-json\/wp\/v2\/pages\/2\/revisions"}],"predecessor-version":[{"id":1066,"href":"https:\/\/foodstudio.ee\/toidustuudio\/wp-json\/wp\/v2\/pages\/2\/revisions\/1066"}],"wp:attachment":[{"href":"https:\/\/foodstudio.ee\/toidustuudio\/wp-json\/wp\/v2\/media?parent=2"}],"curies":[{"name":"wp","href":"https:\/\/api.w.org\/{rel}","templated":true}]}}