{"id":86,"date":"2020-09-09T11:22:55","date_gmt":"2020-09-09T11:22:55","guid":{"rendered":"https:\/\/foodstudio.ee\/?page_id=86"},"modified":"2024-02-16T10:21:13","modified_gmt":"2024-02-16T10:21:13","slug":"meist","status":"publish","type":"page","link":"https:\/\/foodstudio.ee\/toidustuudio\/meist\/","title":{"rendered":"Meist"},"content":{"rendered":"\n<div id=\"our-story-block-block_8a2ef8855a086c0cf7d2d3dc495e95d2\" class=\"our-story-block container\">\n    <div class=\"row dp_layout\">\n        <div class=\"col-6 left\">\n            <h1 class=\"small_heading\">MEIE LUGU<\/h1>            <h1>K\u00d5IK HEAD ASJAD ALGAVAD JUHUSEST<\/h1>\n<p>2009. aastal tutvusid t\u00e4iesti juhuslikult peakokk <strong>Indrek Kivisalu<\/strong> ja gurmaan <strong>Helgor Markov<\/strong>.<\/p>\n<p>Indrek oli riiklikult tunnustatud (muuhulgas kahe Eesti presidendi) peakokk, Helgor varustas hotelle ja restorane lihaga. Juhuslikust tutvusest sai alguse hobi k\u00e4ia s\u00f5prade juures ning korraldada \u00f5htus\u00f6\u00f6ke ja \u00fchiseid kokkamisi. Indrek ja Helgor kokkasid, teised aitasid kaasa (eriti s\u00f6\u00f6mise osas). S\u00fcndmused olid v\u00e4ga hinnatud ja peagi tundus, et vajatakse suuremat ruumi kui s\u00f5prade koduk\u00f6\u00f6gid.<\/p>\n        <\/div>\n        <div class=\"col-6 fade-in right bg\" style=\"background-image:url(https:\/\/foodstudio.ee\/toidustuudio\/wp-content\/uploads\/sites\/1\/2020\/10\/meist_pilt-1.jpg);\"><\/div>\n    <\/div>\n    <div class=\"row mob_layout\">\n        <div class=\"col-12 d-flex flex-column content\">\n            <h1 class=\"small_heading\">MEIE LUGU<\/h1>            <h1>K\u00d5IK HEAD ASJAD ALGAVAD JUHUSEST<\/h1>\n<p>2009. aastal tutvusid t\u00e4iesti juhuslikult peakokk <strong>Indrek Kivisalu<\/strong> ja gurmaan <strong>Helgor Markov<\/strong>.<\/p>\n<p>Indrek oli riiklikult tunnustatud (muuhulgas kahe Eesti presidendi) peakokk, Helgor varustas hotelle ja restorane lihaga. Juhuslikust tutvusest sai alguse hobi k\u00e4ia s\u00f5prade juures ning korraldada \u00f5htus\u00f6\u00f6ke ja \u00fchiseid kokkamisi. Indrek ja Helgor kokkasid, teised aitasid kaasa (eriti s\u00f6\u00f6mise osas). S\u00fcndmused olid v\u00e4ga hinnatud ja peagi tundus, et vajatakse suuremat ruumi kui s\u00f5prade koduk\u00f6\u00f6gid.<\/p>\n            <img decoding=\"async\" class=\"fade-in\" src=\"https:\/\/foodstudio.ee\/toidustuudio\/wp-content\/uploads\/sites\/1\/2020\/10\/meist_pilt-1.jpg\" alt=\"\">        <\/div>\n        <img decoding=\"async\" class=\"spice_img\" src=\"https:\/\/foodstudio.ee\/toidustuudio\/wp-content\/themes\/Toidustuudio\/img\/spice_3.png\" alt=\"Spice 2\">\n    <\/div>\n<\/div>\n\n\n<div id=\"fs-3-column-block-block_0d271963e55b8f36602ca8023283f8a7\" class=\"fs-3-column-block\">\n    <div class=\"container text\">\n        <div class=\"row\">\n            <div class=\"col-lg-4 col-12 first\">\n                <h1>FOOD STUDIO S\u00dcNDIS \u00d5HUST &amp; ARMASTUSEST TOIDU VASTU.<\/h1>\n            <\/div>\n            <div class=\"col-lg-4 col-12 sec\">\n                <div>\n<p class=\"paragraph\"><span class=\"normaltextrun\"><span lang=\"IT\">Algselt pidi FoodStudio olema t<\/span><\/span><span class=\"normaltextrun\">\u00e4iesti privaatne koht, kus aeg-ajalt ka m<\/span><span class=\"normaltextrun\"><span lang=\"PT\">\u00f5<\/span><\/span><span class=\"normaltextrun\"><span lang=\"IT\">ni <\/span><\/span><span class=\"normaltextrun\">\u00fcritus korraldada, et oma hobi kulusid katta. <\/span><\/p>\n<p class=\"paragraph\"><span class=\"normaltextrun\"><span lang=\"DE\">\u00dc<\/span><\/span><span class=\"normaltextrun\">hel hetkel \u00fcmbritses<\/span><span class=\"normaltextrun\"><span lang=\"EN-US\"> FoodStudio<\/span><\/span><span class=\"normaltextrun\">t nii palju huvilisi, et tavat\u00f6\u00f6st tuli loobuda. \u00d5nneks ei pidanud seda tegema raske s\u00fcdamega. Esimesed 12 aastat tegutses FoodStudio kesklinna salasopis Ahtri t\u00e4naval, kus korraldati lugematu hulk s\u00fcndmuseid ettev\u00f5tetele ja s\u00f5pruskondadele. Oleme tutvustanud erinevate maade k\u00f6\u00f6ke, traditsioone aga ka uusi trende. Siin on tehtud nii toidukoolitusi ja<\/span><span class=\"normaltextrun\"><span lang=\"NL\"> peetud privaatseid s<\/span><\/span><span class=\"normaltextrun\">\u00fcnnip\u00e4<\/span><span class=\"normaltextrun\"><span lang=\"IT\">evi.<\/span><\/span><span class=\"eop\">\u00a0<\/span><\/p>\n<\/div>\n            <\/div>\n            <div class=\"col-lg-4 col-12 third\">\n                <div>\n<p class=\"paragraph\"><span class=\"normaltextrun\"><b>T\u00c4NANE FOODSTUDIO TELLISKIVIS<\/b><\/span><span class=\"eop\">\u00a0<\/span><\/p>\n<\/div>\n<div>\n<p class=\"paragraph\"><span class=\"normaltextrun\">Me ei kinnita kuulujutte, et p\u00e4rast \u00fchte suuremat pidu l\u00e4ks kogu Ahtri maja mahakandmisele, kuid fakt on see, et seda hoonet enam Tallinnas t<\/span><span class=\"normaltextrun\"><span lang=\"PT\">\u00f5<\/span><\/span><span class=\"normaltextrun\">epoolest ei ole. 2022. aastal kolis FoodStudio Telliskivi peav\u00e4ljakule. Kogu idee \u00fchisest toidutegemisest ja heast seltskonnast pakiti kaasa. Jah, k\u00f5ik hea j\u00e4i samaks, aga ruumi tuli juurde. T\u00e4na l\u00e4bib FoodStudio kahte korrust, siin on maast laeni aknad, \u00fcberm\u00f5nus baar ja majesteetlik trepp, mida oma jalaga kogeda.<\/span><span class=\"eop\">\u00a0<\/span><\/p>\n<\/div>\n            <\/div>\n        <\/div>\n    <\/div>\n<\/div>\n\n\n<div id=\"our-team-block-block_45527b4e1632dc66bd83c7dda7f194fc\" class=\"our-team-block container\">\n    <div class=\"row align-items-center\">\n        <div class=\"col-lg-4 col-12 left\">\n                            <img decoding=\"async\" src=\"https:\/\/foodstudio.ee\/toidustuudio\/wp-content\/uploads\/sites\/1\/2023\/03\/176A7888a-Copy.png\" alt=\"\">\n                    <\/div>\n        <div class=\"col-lg-4 col-12 middle d-flex flex-column justify-content-center fade-in\">\n            <img decoding=\"async\" id=\"fs_circle\" src=\"https:\/\/foodstudio.ee\/toidustuudio\/wp-content\/themes\/Toidustuudio\/img\/icons\/Hover_menu.svg\" alt=\"FoodStudio Circle Icon\">\n            <h1 class=\"small_heading\"><strong>INDREKU JA HELGORI VAIMSUST KANNAVAD T\u00c4NA EDASI JAAN JA RAINIS<\/strong><\/h1>            <p style=\"text-align: center;\"><span class=\"normaltextrun\">FoodStudio juhid on Jaan Liiv\u202fja\u202f<\/span><span class=\"normaltextrun\"><span lang=\"ET\">Rainis Pajum\u00e4e<\/span><\/span><span class=\"normaltextrun\">.<\/span><span class=\"eop\">\u00a0<\/span><\/p>\n<div style=\"text-align: center;\">\n<p class=\"paragraph\"><span class=\"normaltextrun\">Jaan on <\/span><span class=\"normaltextrun\"><span lang=\"PT\">\u00f5<\/span><\/span><span class=\"normaltextrun\">ppinud Indreku kokak\u00e4e all 5 aastat ja ujub taseme poolest juba vaikselt m\u00f6\u00f6da.<\/span><span class=\"eop\">\u00a0<\/span><\/p>\n<\/div>\n<div style=\"text-align: center;\">\n<p class=\"paragraph\"><span class=\"normaltextrun\"><span lang=\"ET\">Rainis<\/span><\/span><span class=\"normaltextrun\"> on see, kes n\u00e4eb ja haldab suurt pilti. Tema m<\/span><span class=\"normaltextrun\"><span lang=\"PT\">\u00f5<\/span><\/span><span class=\"normaltextrun\">tleb emotsioonile, millega seltskond uksest sisse astub ja mis peamine \u2013 millise emotsiooniga v\u00e4ljub.<\/span><span class=\"eop\">\u00a0<\/span><\/p>\n<\/div>\n<div>\n<p class=\"paragraph\" style=\"text-align: center;\"><span class=\"normaltextrun\">Jaan ja <\/span><span class=\"normaltextrun\"><span lang=\"ET\">Rainis<\/span><\/span><span class=\"normaltextrun\"> on sama v<\/span><span class=\"normaltextrun\"><span lang=\"PT\">\u00f5<\/span><\/span><span class=\"normaltextrun\">itmatu tandem nagu Indrek ja Helgor, aga t\u00e4iesti oma iseloomuga. Astuge sisse ja me lubame, seda kogemust on raske unustada.<\/span><span class=\"eop\">\u00a0<\/span><\/p>\n<\/div>\n        <\/div>\n        <div class=\"col-lg-4 col-12 right\">\n                            <img decoding=\"async\" src=\"https:\/\/foodstudio.ee\/toidustuudio\/wp-content\/uploads\/sites\/1\/2023\/07\/pilt-1-1.png\" alt=\"\">\n                    <\/div>\n    <\/div>\n<\/div>\n\n\n<div id=\"our-values-block-block_ecad24950d5fa1b66e8a9a7c0b66c04d\" class=\"our-values-block container\">\n    <h1 class=\"small_heading\">ME V\u00c4\u00c4RTUSTAME<\/h1>\n            <div class=\"row fade-down\">\n                            <div class=\"value col d-flex flex-column align-items-center\">\n                    <img decoding=\"async\" class=\"value_icon\" src=\"https:\/\/foodstudio.ee\/toidustuudio\/wp-content\/uploads\/sites\/1\/2020\/09\/MUNA.jpg\" alt=\"\">\n                    <p>Puhas ja aus toit on k\u00f5ige alus <\/p>\n                <\/div>\n                            <div class=\"value col d-flex flex-column align-items-center\">\n                    <img decoding=\"async\" class=\"value_icon\" src=\"https:\/\/foodstudio.ee\/toidustuudio\/wp-content\/uploads\/sites\/1\/2020\/09\/HERNES.jpg\" alt=\"\">\n                    <p>Toidule annab \u00f5ige maitse hea tujuga seltskond<\/p>\n                <\/div>\n                            <div class=\"value col d-flex flex-column align-items-center\">\n                    <img decoding=\"async\" class=\"value_icon\" src=\"https:\/\/foodstudio.ee\/toidustuudio\/wp-content\/uploads\/sites\/1\/2020\/09\/FS.jpg\" alt=\"\">\n                    <p>\u00d5htu l\u00f5puks peavad kliendid olema sama \u00f5nnelikud kui meie<\/p>\n                <\/div>\n                            <div class=\"value col d-flex flex-column align-items-center\">\n                    <img decoding=\"async\" class=\"value_icon\" src=\"https:\/\/foodstudio.ee\/toidustuudio\/wp-content\/uploads\/sites\/1\/2020\/09\/KOGEMUSI.jpg\" alt=\"\">\n                    <p>Kellelgi ei saa olla liiga palju kogemusi <\/p>\n                <\/div>\n                    <\/div>\n    <\/div>\n\n\n<div id=\"quote-block-block_73652a55f5515e3ac4d2064f54c8726b\" class=\"quote-block\">\n    <div class=\"row align-items-center\">\n        <div class=\"col-lg-2 col-12 left\">\n                            <img decoding=\"async\" src=\"https:\/\/foodstudio.ee\/toidustuudio\/wp-content\/uploads\/sites\/1\/2020\/09\/hiclipart.com-16-copy-3.png\" alt=\"\">\n                    <\/div>\n        <div class=\"col-lg-8 col-12 quote\">\n            <div>\n<p class=\"paragraph\" style=\"text-align: center\"><span style=\"font-size: 24pt\"><span class=\"normaltextrun\"><b>FOODSTUDIO PAKUB NII M\u00d5NDAGI, AGA ENNEK\u00d5IKE SUUREP\u00c4RASEID <\/b><\/span><span class=\"normaltextrun\"><b><span lang=\"ET\">ELAMUSI<\/span><\/b><\/span><span class=\"eop\">\u00a0<\/span><\/span><\/p>\n<\/div>\n        <\/div>\n        <div class=\"col-lg-2 col-12 right\">\n                            <img decoding=\"async\" src=\"https:\/\/foodstudio.ee\/toidustuudio\/wp-content\/uploads\/sites\/1\/2020\/09\/hiclipart.com-16-copy-2.png\" alt=\"\">\n                    <\/div>\n    <\/div>\n<\/div>\n\n\n<p><\/p>\n","protected":false},"excerpt":{"rendered":"","protected":false},"author":1,"featured_media":973,"parent":0,"menu_order":0,"comment_status":"closed","ping_status":"closed","template":"","meta":{"advgb_blocks_editor_width":"","advgb_blocks_columns_visual_guide":"","_uag_custom_page_level_css":""},"acf":[],"yoast_head":"<!-- This site is optimized with the Yoast SEO plugin v19.14 - https:\/\/yoast.com\/wordpress\/plugins\/seo\/ -->\n<title>Meist - Food Studio Toidustuudio<\/title>\n<meta name=\"robots\" content=\"index, follow, max-snippet:-1, max-image-preview:large, max-video-preview:-1\" \/>\n<link rel=\"canonical\" href=\"https:\/\/foodstudio.ee\/toidustuudio\/meist\/\" \/>\n<meta property=\"og:locale\" content=\"et_EE\" \/>\n<meta property=\"og:type\" content=\"article\" \/>\n<meta property=\"og:title\" content=\"Meist - Food Studio Toidustuudio\" \/>\n<meta property=\"og:url\" content=\"https:\/\/foodstudio.ee\/toidustuudio\/meist\/\" \/>\n<meta property=\"og:site_name\" content=\"Food Studio Toidustuudio\" \/>\n<meta property=\"article:modified_time\" content=\"2024-02-16T10:21:13+00:00\" \/>\n<meta property=\"og:image\" content=\"https:\/\/foodstudio.ee\/toidustuudio\/wp-content\/uploads\/sites\/1\/2023\/03\/Meist_kohataide.jpeg\" \/>\n\t<meta property=\"og:image:width\" content=\"2528\" \/>\n\t<meta property=\"og:image:height\" content=\"1064\" \/>\n\t<meta property=\"og:image:type\" content=\"image\/jpeg\" \/>\n<meta name=\"twitter:card\" content=\"summary_large_image\" \/>\n<script type=\"application\/ld+json\" class=\"yoast-schema-graph\">{\"@context\":\"https:\/\/schema.org\",\"@graph\":[{\"@type\":\"WebPage\",\"@id\":\"https:\/\/foodstudio.ee\/toidustuudio\/meist\/\",\"url\":\"https:\/\/foodstudio.ee\/toidustuudio\/meist\/\",\"name\":\"Meist - Food Studio Toidustuudio\",\"isPartOf\":{\"@id\":\"https:\/\/foodstudio.ee\/toidustuudio\/#website\"},\"datePublished\":\"2020-09-09T11:22:55+00:00\",\"dateModified\":\"2024-02-16T10:21:13+00:00\",\"breadcrumb\":{\"@id\":\"https:\/\/foodstudio.ee\/toidustuudio\/meist\/#breadcrumb\"},\"inLanguage\":\"et\",\"potentialAction\":[{\"@type\":\"ReadAction\",\"target\":[\"https:\/\/foodstudio.ee\/toidustuudio\/meist\/\"]}]},{\"@type\":\"BreadcrumbList\",\"@id\":\"https:\/\/foodstudio.ee\/toidustuudio\/meist\/#breadcrumb\",\"itemListElement\":[{\"@type\":\"ListItem\",\"position\":1,\"name\":\"Home\",\"item\":\"https:\/\/foodstudio.ee\/toidustuudio\/\"},{\"@type\":\"ListItem\",\"position\":2,\"name\":\"Meist\"}]},{\"@type\":\"WebSite\",\"@id\":\"https:\/\/foodstudio.ee\/toidustuudio\/#website\",\"url\":\"https:\/\/foodstudio.ee\/toidustuudio\/\",\"name\":\"Food Studio Toidustuudio\",\"description\":\"Tere tulemast maitsete maailma.\",\"publisher\":{\"@id\":\"https:\/\/foodstudio.ee\/toidustuudio\/#organization\"},\"potentialAction\":[{\"@type\":\"SearchAction\",\"target\":{\"@type\":\"EntryPoint\",\"urlTemplate\":\"https:\/\/foodstudio.ee\/toidustuudio\/?s={search_term_string}\"},\"query-input\":\"required name=search_term_string\"}],\"inLanguage\":\"et\"},{\"@type\":\"Organization\",\"@id\":\"https:\/\/foodstudio.ee\/toidustuudio\/#organization\",\"name\":\"Foodstudio\",\"url\":\"https:\/\/foodstudio.ee\/toidustuudio\/\",\"logo\":{\"@type\":\"ImageObject\",\"inLanguage\":\"et\",\"@id\":\"https:\/\/foodstudio.ee\/toidustuudio\/#\/schema\/logo\/image\/\",\"url\":\"https:\/\/foodstudio.ee\/toidustuudio\/wp-content\/uploads\/sites\/1\/2020\/09\/FS_logo.svg\",\"contentUrl\":\"https:\/\/foodstudio.ee\/toidustuudio\/wp-content\/uploads\/sites\/1\/2020\/09\/FS_logo.svg\",\"width\":240,\"height\":64,\"caption\":\"Foodstudio\"},\"image\":{\"@id\":\"https:\/\/foodstudio.ee\/toidustuudio\/#\/schema\/logo\/image\/\"}}]}<\/script>\n<!-- \/ Yoast SEO plugin. -->","yoast_head_json":{"title":"Meist - Food Studio Toidustuudio","robots":{"index":"index","follow":"follow","max-snippet":"max-snippet:-1","max-image-preview":"max-image-preview:large","max-video-preview":"max-video-preview:-1"},"canonical":"https:\/\/foodstudio.ee\/toidustuudio\/meist\/","og_locale":"et_EE","og_type":"article","og_title":"Meist - Food Studio Toidustuudio","og_url":"https:\/\/foodstudio.ee\/toidustuudio\/meist\/","og_site_name":"Food Studio Toidustuudio","article_modified_time":"2024-02-16T10:21:13+00:00","og_image":[{"width":2528,"height":1064,"url":"https:\/\/foodstudio.ee\/toidustuudio\/wp-content\/uploads\/sites\/1\/2023\/03\/Meist_kohataide.jpeg","type":"image\/jpeg"}],"twitter_card":"summary_large_image","schema":{"@context":"https:\/\/schema.org","@graph":[{"@type":"WebPage","@id":"https:\/\/foodstudio.ee\/toidustuudio\/meist\/","url":"https:\/\/foodstudio.ee\/toidustuudio\/meist\/","name":"Meist - Food Studio Toidustuudio","isPartOf":{"@id":"https:\/\/foodstudio.ee\/toidustuudio\/#website"},"datePublished":"2020-09-09T11:22:55+00:00","dateModified":"2024-02-16T10:21:13+00:00","breadcrumb":{"@id":"https:\/\/foodstudio.ee\/toidustuudio\/meist\/#breadcrumb"},"inLanguage":"et","potentialAction":[{"@type":"ReadAction","target":["https:\/\/foodstudio.ee\/toidustuudio\/meist\/"]}]},{"@type":"BreadcrumbList","@id":"https:\/\/foodstudio.ee\/toidustuudio\/meist\/#breadcrumb","itemListElement":[{"@type":"ListItem","position":1,"name":"Home","item":"https:\/\/foodstudio.ee\/toidustuudio\/"},{"@type":"ListItem","position":2,"name":"Meist"}]},{"@type":"WebSite","@id":"https:\/\/foodstudio.ee\/toidustuudio\/#website","url":"https:\/\/foodstudio.ee\/toidustuudio\/","name":"Food Studio Toidustuudio","description":"Tere tulemast maitsete maailma.","publisher":{"@id":"https:\/\/foodstudio.ee\/toidustuudio\/#organization"},"potentialAction":[{"@type":"SearchAction","target":{"@type":"EntryPoint","urlTemplate":"https:\/\/foodstudio.ee\/toidustuudio\/?s={search_term_string}"},"query-input":"required name=search_term_string"}],"inLanguage":"et"},{"@type":"Organization","@id":"https:\/\/foodstudio.ee\/toidustuudio\/#organization","name":"Foodstudio","url":"https:\/\/foodstudio.ee\/toidustuudio\/","logo":{"@type":"ImageObject","inLanguage":"et","@id":"https:\/\/foodstudio.ee\/toidustuudio\/#\/schema\/logo\/image\/","url":"https:\/\/foodstudio.ee\/toidustuudio\/wp-content\/uploads\/sites\/1\/2020\/09\/FS_logo.svg","contentUrl":"https:\/\/foodstudio.ee\/toidustuudio\/wp-content\/uploads\/sites\/1\/2020\/09\/FS_logo.svg","width":240,"height":64,"caption":"Foodstudio"},"image":{"@id":"https:\/\/foodstudio.ee\/toidustuudio\/#\/schema\/logo\/image\/"}}]}},"coauthors":[],"author_meta":{"author_link":"https:\/\/foodstudio.ee\/toidustuudio\/blog\/author\/reaktiiv-fo\/","display_name":"reaktiiv-fo"},"relative_dates":{"created":"Posted 6 aastat ago","modified":"Updated 2 aastat ago"},"absolute_dates":{"created":"Posted on 9. sept. 2020","modified":"Updated on 16. veebr. 2024"},"absolute_dates_time":{"created":"Posted on 9. sept. 2020 11:22","modified":"Updated on 16. veebr. 2024 10:21"},"featured_img_caption":"","featured_img":"https:\/\/foodstudio.ee\/toidustuudio\/wp-content\/uploads\/sites\/1\/2023\/03\/Meist_kohataide.jpeg","series_order":"","uagb_featured_image_src":{"full":["https:\/\/foodstudio.ee\/toidustuudio\/wp-content\/uploads\/sites\/1\/2023\/03\/Meist_kohataide.jpeg",2528,1064,false],"thumbnail":["https:\/\/foodstudio.ee\/toidustuudio\/wp-content\/uploads\/sites\/1\/2023\/03\/Meist_kohataide-150x150.jpeg",150,150,true],"medium":["https:\/\/foodstudio.ee\/toidustuudio\/wp-content\/uploads\/sites\/1\/2023\/03\/Meist_kohataide-250x105.jpeg",250,105,true],"medium_large":["https:\/\/foodstudio.ee\/toidustuudio\/wp-content\/uploads\/sites\/1\/2023\/03\/Meist_kohataide-768x323.jpeg",768,323,true],"large":["https:\/\/foodstudio.ee\/toidustuudio\/wp-content\/uploads\/sites\/1\/2023\/03\/Meist_kohataide-700x295.jpeg",700,295,true],"1536x1536":["https:\/\/foodstudio.ee\/toidustuudio\/wp-content\/uploads\/sites\/1\/2023\/03\/Meist_kohataide-1536x646.jpeg",1536,646,true],"2048x2048":["https:\/\/foodstudio.ee\/toidustuudio\/wp-content\/uploads\/sites\/1\/2023\/03\/Meist_kohataide-2048x862.jpeg",2048,862,true],"small":["https:\/\/foodstudio.ee\/toidustuudio\/wp-content\/uploads\/sites\/1\/2023\/03\/Meist_kohataide-120x51.jpeg",120,51,true],"custom-size":["https:\/\/foodstudio.ee\/toidustuudio\/wp-content\/uploads\/sites\/1\/2023\/03\/Meist_kohataide-1920x1064.jpeg",1920,1064,true]},"uagb_author_info":{"display_name":"reaktiiv-fo","author_link":"https:\/\/foodstudio.ee\/toidustuudio\/blog\/author\/reaktiiv-fo\/"},"uagb_comment_info":0,"uagb_excerpt":null,"_links":{"self":[{"href":"https:\/\/foodstudio.ee\/toidustuudio\/wp-json\/wp\/v2\/pages\/86"}],"collection":[{"href":"https:\/\/foodstudio.ee\/toidustuudio\/wp-json\/wp\/v2\/pages"}],"about":[{"href":"https:\/\/foodstudio.ee\/toidustuudio\/wp-json\/wp\/v2\/types\/page"}],"author":[{"embeddable":true,"href":"https:\/\/foodstudio.ee\/toidustuudio\/wp-json\/wp\/v2\/users\/1"}],"replies":[{"embeddable":true,"href":"https:\/\/foodstudio.ee\/toidustuudio\/wp-json\/wp\/v2\/comments?post=86"}],"version-history":[{"count":78,"href":"https:\/\/foodstudio.ee\/toidustuudio\/wp-json\/wp\/v2\/pages\/86\/revisions"}],"predecessor-version":[{"id":1237,"href":"https:\/\/foodstudio.ee\/toidustuudio\/wp-json\/wp\/v2\/pages\/86\/revisions\/1237"}],"wp:featuredmedia":[{"embeddable":true,"href":"https:\/\/foodstudio.ee\/toidustuudio\/wp-json\/wp\/v2\/media\/973"}],"wp:attachment":[{"href":"https:\/\/foodstudio.ee\/toidustuudio\/wp-json\/wp\/v2\/media?parent=86"}],"curies":[{"name":"wp","href":"https:\/\/api.w.org\/{rel}","templated":true}]}}