{"id":88,"date":"2020-09-09T11:23:23","date_gmt":"2020-09-09T11:23:23","guid":{"rendered":"https:\/\/foodstudio.ee\/?page_id=88"},"modified":"2023-03-02T11:29:42","modified_gmt":"2023-03-02T11:29:42","slug":"packages","status":"publish","type":"page","link":"https:\/\/foodstudio.ee\/toidustuudio\/packages\/","title":{"rendered":"Paketid"},"content":{"rendered":"\n<h1>MIDA PAKUME?<\/h1>\n\n\n\n<p>Meile meeldib v\u00e4ga korraldada.<\/p>\n\n\n\n<p>On suur nauding, kui p\u00e4rast korralikku eelt\u00f6\u00f6d kulgeb kogu \u00fcritus sama sujuvalt nagu liigub fileenuga l\u00e4bi filee.<\/p>\n\n\n\n<p>Me korraldame hea meelega k\u00f5ik \u00fcritusega seonduva sinu eest \u00e4ra. Teie tulge oma seltskonnaga lihtsalt kohale. Nautimine on vabatahtlik, aga siiski rangelt soovituslik.<\/p>\n\n\n\n<p>Siin on paketid, mille oleme koostanud, et teie elu lihtsamaks teha. K\u00f5iki pakette saab alati kombineerida ja muuta. Tuleb ainult mainida.<\/p>\n","protected":false},"excerpt":{"rendered":"MIDA PAKUME? Meile meeldib v\u00e4ga korraldada. On suur nauding, kui p\u00e4rast korralikku eelt\u00f6\u00f6d kulgeb kogu \u00fcritus sama sujuvalt nagu liigub fileenuga l\u00e4bi filee. Me korraldame hea meelega k\u00f5ik \u00fcritusega seonduva sinu eest \u00e4ra. Teie tulge oma seltskonnaga lihtsalt kohale. Nautimine on vabatahtlik, aga siiski rangelt soovituslik. Siin on paketid, mille oleme koostanud, et teie elu [&hellip;]","protected":false},"author":1,"featured_media":979,"parent":0,"menu_order":0,"comment_status":"closed","ping_status":"closed","template":"page-templates\/template-packages.php","meta":{"advgb_blocks_editor_width":"","advgb_blocks_columns_visual_guide":"","_uag_custom_page_level_css":""},"acf":[],"yoast_head":"<!-- This site is optimized with the Yoast SEO plugin v19.14 - https:\/\/yoast.com\/wordpress\/plugins\/seo\/ -->\n<title>Paketid - Food Studio Toidustuudio<\/title>\n<meta name=\"robots\" content=\"index, follow, max-snippet:-1, max-image-preview:large, max-video-preview:-1\" \/>\n<link rel=\"canonical\" href=\"https:\/\/foodstudio.ee\/toidustuudio\/packages\/\" \/>\n<meta property=\"og:locale\" content=\"et_EE\" \/>\n<meta property=\"og:type\" content=\"article\" \/>\n<meta property=\"og:title\" content=\"Paketid - Food Studio Toidustuudio\" \/>\n<meta property=\"og:description\" content=\"MIDA PAKUME? Meile meeldib v\u00e4ga korraldada. On suur nauding, kui p\u00e4rast korralikku eelt\u00f6\u00f6d kulgeb kogu \u00fcritus sama sujuvalt nagu liigub fileenuga l\u00e4bi filee. Me korraldame hea meelega k\u00f5ik \u00fcritusega seonduva sinu eest \u00e4ra. Teie tulge oma seltskonnaga lihtsalt kohale. Nautimine on vabatahtlik, aga siiski rangelt soovituslik. Siin on paketid, mille oleme koostanud, et teie elu [&hellip;]\" \/>\n<meta property=\"og:url\" content=\"https:\/\/foodstudio.ee\/toidustuudio\/packages\/\" \/>\n<meta property=\"og:site_name\" content=\"Food Studio Toidustuudio\" \/>\n<meta property=\"article:modified_time\" content=\"2023-03-02T11:29:42+00:00\" \/>\n<meta property=\"og:image\" content=\"https:\/\/foodstudio.ee\/toidustuudio\/wp-content\/uploads\/sites\/1\/2023\/03\/shutterstock_746467597-copy-10.jpeg\" \/>\n\t<meta property=\"og:image:width\" content=\"903\" \/>\n\t<meta property=\"og:image:height\" content=\"900\" \/>\n\t<meta property=\"og:image:type\" content=\"image\/jpeg\" \/>\n<meta name=\"twitter:card\" content=\"summary_large_image\" \/>\n<meta name=\"twitter:label1\" content=\"Est. reading time\" \/>\n\t<meta name=\"twitter:data1\" content=\"1 minut\" \/>\n<script type=\"application\/ld+json\" class=\"yoast-schema-graph\">{\"@context\":\"https:\/\/schema.org\",\"@graph\":[{\"@type\":\"WebPage\",\"@id\":\"https:\/\/foodstudio.ee\/toidustuudio\/packages\/\",\"url\":\"https:\/\/foodstudio.ee\/toidustuudio\/packages\/\",\"name\":\"Paketid - Food Studio Toidustuudio\",\"isPartOf\":{\"@id\":\"https:\/\/foodstudio.ee\/toidustuudio\/#website\"},\"datePublished\":\"2020-09-09T11:23:23+00:00\",\"dateModified\":\"2023-03-02T11:29:42+00:00\",\"breadcrumb\":{\"@id\":\"https:\/\/foodstudio.ee\/toidustuudio\/packages\/#breadcrumb\"},\"inLanguage\":\"et\",\"potentialAction\":[{\"@type\":\"ReadAction\",\"target\":[\"https:\/\/foodstudio.ee\/toidustuudio\/packages\/\"]}]},{\"@type\":\"BreadcrumbList\",\"@id\":\"https:\/\/foodstudio.ee\/toidustuudio\/packages\/#breadcrumb\",\"itemListElement\":[{\"@type\":\"ListItem\",\"position\":1,\"name\":\"Home\",\"item\":\"https:\/\/foodstudio.ee\/toidustuudio\/\"},{\"@type\":\"ListItem\",\"position\":2,\"name\":\"Paketid\"}]},{\"@type\":\"WebSite\",\"@id\":\"https:\/\/foodstudio.ee\/toidustuudio\/#website\",\"url\":\"https:\/\/foodstudio.ee\/toidustuudio\/\",\"name\":\"Food Studio Toidustuudio\",\"description\":\"Tere tulemast maitsete maailma.\",\"publisher\":{\"@id\":\"https:\/\/foodstudio.ee\/toidustuudio\/#organization\"},\"potentialAction\":[{\"@type\":\"SearchAction\",\"target\":{\"@type\":\"EntryPoint\",\"urlTemplate\":\"https:\/\/foodstudio.ee\/toidustuudio\/?s={search_term_string}\"},\"query-input\":\"required name=search_term_string\"}],\"inLanguage\":\"et\"},{\"@type\":\"Organization\",\"@id\":\"https:\/\/foodstudio.ee\/toidustuudio\/#organization\",\"name\":\"Foodstudio\",\"url\":\"https:\/\/foodstudio.ee\/toidustuudio\/\",\"logo\":{\"@type\":\"ImageObject\",\"inLanguage\":\"et\",\"@id\":\"https:\/\/foodstudio.ee\/toidustuudio\/#\/schema\/logo\/image\/\",\"url\":\"https:\/\/foodstudio.ee\/toidustuudio\/wp-content\/uploads\/sites\/1\/2020\/09\/FS_logo.svg\",\"contentUrl\":\"https:\/\/foodstudio.ee\/toidustuudio\/wp-content\/uploads\/sites\/1\/2020\/09\/FS_logo.svg\",\"width\":240,\"height\":64,\"caption\":\"Foodstudio\"},\"image\":{\"@id\":\"https:\/\/foodstudio.ee\/toidustuudio\/#\/schema\/logo\/image\/\"}}]}<\/script>\n<!-- \/ Yoast SEO plugin. -->","yoast_head_json":{"title":"Paketid - Food Studio Toidustuudio","robots":{"index":"index","follow":"follow","max-snippet":"max-snippet:-1","max-image-preview":"max-image-preview:large","max-video-preview":"max-video-preview:-1"},"canonical":"https:\/\/foodstudio.ee\/toidustuudio\/packages\/","og_locale":"et_EE","og_type":"article","og_title":"Paketid - Food Studio Toidustuudio","og_description":"MIDA PAKUME? Meile meeldib v\u00e4ga korraldada. On suur nauding, kui p\u00e4rast korralikku eelt\u00f6\u00f6d kulgeb kogu \u00fcritus sama sujuvalt nagu liigub fileenuga l\u00e4bi filee. Me korraldame hea meelega k\u00f5ik \u00fcritusega seonduva sinu eest \u00e4ra. Teie tulge oma seltskonnaga lihtsalt kohale. Nautimine on vabatahtlik, aga siiski rangelt soovituslik. Siin on paketid, mille oleme koostanud, et teie elu [&hellip;]","og_url":"https:\/\/foodstudio.ee\/toidustuudio\/packages\/","og_site_name":"Food Studio Toidustuudio","article_modified_time":"2023-03-02T11:29:42+00:00","og_image":[{"width":903,"height":900,"url":"https:\/\/foodstudio.ee\/toidustuudio\/wp-content\/uploads\/sites\/1\/2023\/03\/shutterstock_746467597-copy-10.jpeg","type":"image\/jpeg"}],"twitter_card":"summary_large_image","twitter_misc":{"Est. reading time":"1 minut"},"schema":{"@context":"https:\/\/schema.org","@graph":[{"@type":"WebPage","@id":"https:\/\/foodstudio.ee\/toidustuudio\/packages\/","url":"https:\/\/foodstudio.ee\/toidustuudio\/packages\/","name":"Paketid - Food Studio Toidustuudio","isPartOf":{"@id":"https:\/\/foodstudio.ee\/toidustuudio\/#website"},"datePublished":"2020-09-09T11:23:23+00:00","dateModified":"2023-03-02T11:29:42+00:00","breadcrumb":{"@id":"https:\/\/foodstudio.ee\/toidustuudio\/packages\/#breadcrumb"},"inLanguage":"et","potentialAction":[{"@type":"ReadAction","target":["https:\/\/foodstudio.ee\/toidustuudio\/packages\/"]}]},{"@type":"BreadcrumbList","@id":"https:\/\/foodstudio.ee\/toidustuudio\/packages\/#breadcrumb","itemListElement":[{"@type":"ListItem","position":1,"name":"Home","item":"https:\/\/foodstudio.ee\/toidustuudio\/"},{"@type":"ListItem","position":2,"name":"Paketid"}]},{"@type":"WebSite","@id":"https:\/\/foodstudio.ee\/toidustuudio\/#website","url":"https:\/\/foodstudio.ee\/toidustuudio\/","name":"Food Studio Toidustuudio","description":"Tere tulemast maitsete maailma.","publisher":{"@id":"https:\/\/foodstudio.ee\/toidustuudio\/#organization"},"potentialAction":[{"@type":"SearchAction","target":{"@type":"EntryPoint","urlTemplate":"https:\/\/foodstudio.ee\/toidustuudio\/?s={search_term_string}"},"query-input":"required name=search_term_string"}],"inLanguage":"et"},{"@type":"Organization","@id":"https:\/\/foodstudio.ee\/toidustuudio\/#organization","name":"Foodstudio","url":"https:\/\/foodstudio.ee\/toidustuudio\/","logo":{"@type":"ImageObject","inLanguage":"et","@id":"https:\/\/foodstudio.ee\/toidustuudio\/#\/schema\/logo\/image\/","url":"https:\/\/foodstudio.ee\/toidustuudio\/wp-content\/uploads\/sites\/1\/2020\/09\/FS_logo.svg","contentUrl":"https:\/\/foodstudio.ee\/toidustuudio\/wp-content\/uploads\/sites\/1\/2020\/09\/FS_logo.svg","width":240,"height":64,"caption":"Foodstudio"},"image":{"@id":"https:\/\/foodstudio.ee\/toidustuudio\/#\/schema\/logo\/image\/"}}]}},"coauthors":[],"author_meta":{"author_link":"https:\/\/foodstudio.ee\/toidustuudio\/blog\/author\/reaktiiv-fo\/","display_name":"reaktiiv-fo"},"relative_dates":{"created":"Posted 6 aastat ago","modified":"Updated 3 aastat ago"},"absolute_dates":{"created":"Posted on 9. sept. 2020","modified":"Updated on 2. m\u00e4rts 2023"},"absolute_dates_time":{"created":"Posted on 9. sept. 2020 11:23","modified":"Updated on 2. m\u00e4rts 2023 11:29"},"featured_img_caption":"","featured_img":"https:\/\/foodstudio.ee\/toidustuudio\/wp-content\/uploads\/sites\/1\/2023\/03\/shutterstock_746467597-copy-10.jpeg","series_order":"","uagb_featured_image_src":{"full":["https:\/\/foodstudio.ee\/toidustuudio\/wp-content\/uploads\/sites\/1\/2023\/03\/shutterstock_746467597-copy-10.jpeg",903,900,false],"thumbnail":["https:\/\/foodstudio.ee\/toidustuudio\/wp-content\/uploads\/sites\/1\/2023\/03\/shutterstock_746467597-copy-10-150x150.jpeg",150,150,true],"medium":["https:\/\/foodstudio.ee\/toidustuudio\/wp-content\/uploads\/sites\/1\/2023\/03\/shutterstock_746467597-copy-10-250x249.jpeg",250,249,true],"medium_large":["https:\/\/foodstudio.ee\/toidustuudio\/wp-content\/uploads\/sites\/1\/2023\/03\/shutterstock_746467597-copy-10-768x765.jpeg",768,765,true],"large":["https:\/\/foodstudio.ee\/toidustuudio\/wp-content\/uploads\/sites\/1\/2023\/03\/shutterstock_746467597-copy-10-700x698.jpeg",700,698,true],"1536x1536":["https:\/\/foodstudio.ee\/toidustuudio\/wp-content\/uploads\/sites\/1\/2023\/03\/shutterstock_746467597-copy-10.jpeg",903,900,false],"2048x2048":["https:\/\/foodstudio.ee\/toidustuudio\/wp-content\/uploads\/sites\/1\/2023\/03\/shutterstock_746467597-copy-10.jpeg",903,900,false],"small":["https:\/\/foodstudio.ee\/toidustuudio\/wp-content\/uploads\/sites\/1\/2023\/03\/shutterstock_746467597-copy-10-120x120.jpeg",120,120,true],"custom-size":["https:\/\/foodstudio.ee\/toidustuudio\/wp-content\/uploads\/sites\/1\/2023\/03\/shutterstock_746467597-copy-10.jpeg",903,900,false]},"uagb_author_info":{"display_name":"reaktiiv-fo","author_link":"https:\/\/foodstudio.ee\/toidustuudio\/blog\/author\/reaktiiv-fo\/"},"uagb_comment_info":0,"uagb_excerpt":"MIDA PAKUME? Meile meeldib v\u00e4ga korraldada. On suur nauding, kui p\u00e4rast korralikku eelt\u00f6\u00f6d kulgeb kogu \u00fcritus sama sujuvalt nagu liigub fileenuga l\u00e4bi filee. Me korraldame hea meelega k\u00f5ik \u00fcritusega seonduva sinu eest \u00e4ra. Teie tulge oma seltskonnaga lihtsalt kohale. Nautimine on vabatahtlik, aga siiski rangelt soovituslik. Siin on paketid, mille oleme koostanud, et teie elu&hellip;","_links":{"self":[{"href":"https:\/\/foodstudio.ee\/toidustuudio\/wp-json\/wp\/v2\/pages\/88"}],"collection":[{"href":"https:\/\/foodstudio.ee\/toidustuudio\/wp-json\/wp\/v2\/pages"}],"about":[{"href":"https:\/\/foodstudio.ee\/toidustuudio\/wp-json\/wp\/v2\/types\/page"}],"author":[{"embeddable":true,"href":"https:\/\/foodstudio.ee\/toidustuudio\/wp-json\/wp\/v2\/users\/1"}],"replies":[{"embeddable":true,"href":"https:\/\/foodstudio.ee\/toidustuudio\/wp-json\/wp\/v2\/comments?post=88"}],"version-history":[{"count":8,"href":"https:\/\/foodstudio.ee\/toidustuudio\/wp-json\/wp\/v2\/pages\/88\/revisions"}],"predecessor-version":[{"id":624,"href":"https:\/\/foodstudio.ee\/toidustuudio\/wp-json\/wp\/v2\/pages\/88\/revisions\/624"}],"wp:featuredmedia":[{"embeddable":true,"href":"https:\/\/foodstudio.ee\/toidustuudio\/wp-json\/wp\/v2\/media\/979"}],"wp:attachment":[{"href":"https:\/\/foodstudio.ee\/toidustuudio\/wp-json\/wp\/v2\/media?parent=88"}],"curies":[{"name":"wp","href":"https:\/\/api.w.org\/{rel}","templated":true}]}}